{"id":377,"date":"2017-04-22T10:57:00","date_gmt":"2017-04-22T03:57:00","guid":{"rendered":"http:\/\/www.ericlaminc.ca\/?page_id=377"},"modified":"2018-01-06T13:14:31","modified_gmt":"2018-01-06T06:14:31","slug":"du-hoc-tu-bac-pho-thong-nhung-loi-ich","status":"publish","type":"page","link":"https:\/\/ericlaminc.ca\/en\/du-hoc-tu-bac-pho-thong-nhung-loi-ich\/","title":{"rendered":"[:vi]DU H\u1eccC T\u1eea B\u1eacC PH\u1ed4 TH\u00d4NG: NH\u1eeeNG L\u1ee2I \u00cdCH[:]"},"content":{"rendered":"<p>[:vi]V\u1edbi nh\u1eefng ph\u1ee5 huynh c\u00f3 \u0111i\u1ec1u ki\u1ec7n t\u00e0i ch\u00ednh thu\u1eadn l\u1ee3i, vi\u1ec7c cho con \u0111i du h\u1ecdc t\u1eeb b\u1eadc ph\u1ed5 th\u00f4ng s\u1ebd \u0111em \u0111\u1ebfn nhi\u1ec1u \u01b0u th\u1ebf \u00a0cho t\u01b0\u01a1ng lai c\u1ee7a h\u1ecdc sinh. Vi\u1ec7c ti\u1ebfp x\u00fac s\u1edbm v\u1edbi n\u1ec1n gi\u00e1o d\u1ee5c ti\u00ean ti\u1ebfn c\u1ee7a Canada s\u1ebd gi\u00fap c\u00e1c em c\u00f3:<\/p>\n<ul>\n<li>ki\u1ebfn th\u1ee9c t\u1ed5ng qu\u00e1t v\u00e0 chuy\u00ean s\u00e2u t\u1ed1t, s\u00e1t v\u1edbi th\u1ef1c t\u1ebf,<\/li>\n<li>k\u1ef9 n\u0103ng s\u1ed1ng v\u00e0 \u0111\u1ed1i nh\u00e2n x\u1eed th\u1ebf ph\u00f9 h\u1ee3p v\u1edbi v\u0103n ho\u00e1 Canada n\u00f3i ri\u00eang v\u00e0 ph\u01b0\u01a1ng T\u00e2y n\u00f3i chung,<\/li>\n<li>ki\u1ebfn th\u1ee9c v\u00e0 k\u1ef9 n\u0103ng c\u1ea7n thi\u1ebft \u0111\u1ec3 v\u00e0o h\u1ecdc cao \u0111\u1eb3ng hay \u0111\u1ea1i h\u1ecdc Canada<\/li>\n<li>s\u1ee9c c\u1ea1nh tranh cao \u1edf m\u00f4i tr\u01b0\u1eddng l\u00e0m vi\u1ec7c chuy\u00ean nghi\u1ec7p \u1edf Canada trong t\u01b0\u01a1ng lai, c\u00f3 th\u00eam nhi\u1ec1u c\u01a1 h\u1ed9i \u0111\u1ecbnh c\u01b0.<\/li>\n<li>i ra, c\u00e1c ch\u00e1u s\u1ebd c\u00f3 c\u01a1 h\u1ed9i \u0111\u1ec3 ph\u00e1t tri\u1ec3n kh\u1ea3 n\u0103ng t\u1ef1 l\u1eadp v\u00e0 tr\u01b0\u1edfng th\u00e0nh h\u01a1n r\u1ea5t nhi\u1ec1u khi kh\u00f4ng \u1edf trong m\u00f4i tr\u01b0\u1eddng \u0111\u01b0\u1ee3c &#8220;ph\u1ee5c v\u1ee5 t\u1eadn r\u0103ng&#8221; nh\u01b0 \u1edf nh\u00e0. \u0110\u00e2y l\u00e0 \u0111i\u1ec1u m\u00e0 ph\u1ea7n l\u1edbn c\u00e1c ph\u1ee5 huynh cho con \u0111i du h\u1ecdc t\u1eeb b\u1eadc ph\u1ed5 th\u00f4ng chia s\u1ebb v\u1edbi ch\u00fang t\u00f4i.<\/li>\n<\/ul>\n<p>V\u1eady, ch\u1ecdn tr\u01b0\u1eddng c\u00f4ng hay tr\u01b0\u1eddng t\u01b0 cho con b\u1ea1n \u1edf b\u1eadc h\u1ecdc n\u00e0y?<\/p>\n<p>H\u1ec7 th\u1ed1ng tr\u01b0\u1eddng c\u00f4ng b\u1eadc ph\u1ed5 th\u00f4ng \u1edf Canada l\u00e0 h\u1ec7 th\u1ed1ng ti\u00ean ti\u1ebfn h\u00e0ng \u0111\u1ea7u th\u1ebf gi\u1edbi. Th\u00f4ng th\u01b0\u1eddng, c\u00e1c tr\u01b0\u1eddng c\u00f4ng c\u00f3 nh\u1eadn h\u1ecdc sinh qu\u1ed1c t\u1ebf nh\u01b0ng v\u1edbi s\u1ed1 l\u01b0\u1ee3ng h\u1ea1n ch\u1ebf k\u00e8m theo m\u1ed9t s\u1ed1 y\u00eau c\u1ea7u nh\u1ea5t \u0111\u1ecbnh. H\u1ecdc ph\u00ed \u1edf c\u00e1c tr\u01b0\u1eddng c\u00f4ng kho\u1ea3ng C$15,000\/n\u0103m (ngh\u1ec9 h\u00e8 t\u1eeb th\u00e1ng 7 \u0111\u1ebfn h\u1ebft th\u00e1ng 8).<\/p>\n<p>Ph\u1ea7n l\u1edbn tr\u01b0\u1eddng t\u01b0 l\u1ea1i c\u00f3 h\u1ecdc ph\u00ed cao h\u01a1n, \u0111\u1eb7c bi\u1ec7t l\u00e0 tr\u01b0\u1eddng c\u00f3 n\u1ed9i tr\u00fa. Tuy nhi\u00ean tr\u01b0\u1eddng t\u01b0 th\u01b0\u1eddng c\u00f3 c\u01a1 s\u1edf v\u1eadt ch\u1ea5t t\u1ed1t h\u01a1n v\u00e0 \u0111\u1eb7c bi\u1ec7t l\u00e0 s\u1ed1 l\u01b0\u1ee3ng h\u1ecdc sinh trong t\u1eebng l\u1edbp th\u1ea5p h\u01a1n nhi\u1ec1u so v\u1edbi tr\u01b0\u1eddng c\u00f4ng, \u0111i\u1ec1u n\u00e0y gi\u00fap cho c\u00e1c h\u1ecdc sinh c\u00f3 \u0111\u01b0\u1ee3c s\u1ef1 quan t\u00e2m nhi\u1ec1u h\u01a1n t\u1eeb c\u00e1c th\u1ea7y c\u00f4 v\u00e0 d\u1eabn \u0111\u1ebfn k\u1ebft qu\u1ea3 h\u1ecdc t\u1eadp t\u1ed1t h\u01a1n.<\/p>\n<p>Ch\u00fang t\u00f4i h\u00e2n h\u1ea1nh \u0111\u01b0\u1ee3c gi\u1edbi thi\u1ec7u \u0111\u1ebfn Qu\u00fd Ph\u1ee5 huynh tr\u01b0\u1eddng ph\u1ed5 th\u00f4ng Pattison v\u1edbi nh\u1eefng \u01b0u \u0111i\u1ec3m:<\/p>\n<ol>\n<li>H\u1ecdc ph\u00ed c\u1ea1nh tranh v\u1edbi tr\u01b0\u1eddng c\u00f4ng (ch\u1ec9 C$15,720\/2 h\u1ecdc k\u1ef3, tr\u01b0\u1eddng c\u00f3 ch\u01b0\u01a1ng tr\u00ecnh 3 h\u1ecdc k\u1ef3 h\u1ecdc su\u1ed1t n\u0103m v\u1edbi h\u1ecdc ph\u00ed C$23,280\/n\u0103m \u0111\u1ec3 gi\u00fap h\u1ecdc sinh h\u1ecdc nhanh h\u01a1n, c\u00f3 th\u1ec3 t\u1ed1t nghi\u1ec7p ch\u01b0\u01a1ng tr\u00ecnh 4 n\u0103m trong 2 n\u0103m v\u1edbi \u0111i\u1ec1u ki\u1ec7n c\u00f3 kh\u1ea3 n\u0103ng ti\u1ebfng Anh t\u1ed1t),<\/li>\n<li>T\u1ef7 l\u1ec7 gi\u00e1o vi\u00ean:h\u1ecdc sinh l\u00e0 1:15,<\/li>\n<li>V\u1ecb tr\u00ed ngay trung t\u00e2m th\u00e0nh ph\u1ed1 Vancouver, n\u01a1i c\u00f3 kh\u00ed h\u1eadu \u1ea5m \u00e1p nh\u1ea5t Canada,<\/li>\n<li>H\u1ecdc sinh, Ph\u1ee5 huynh v\u00e0 ng\u01b0\u1eddi gi\u00e1m h\u1ed9 nh\u1eadn k\u1ebft qu\u1ea3 h\u1ecdc t\u1eadp c\u1ee7a h\u1ecdc sinh m\u1ed7i 2 tu\u1ea7n,<\/li>\n<li>C\u00f3 c\u1ed1 v\u1ea5n gi\u00e1o d\u1ee5c h\u01b0\u1edbng d\u1eabn v\u00e0 h\u1ed7 tr\u1ee3 h\u1ecdc sinh trong qu\u00e1 tr\u00ecnh l\u1ef1a ch\u1ecdn v\u00e0 \u0111\u0103ng k\u00fd tr\u01b0\u1eddng \u0111\u1ea1i h\u1ecdc v\u00e0 cao \u0111\u1eb3ng. 70% h\u1ecdc sinh t\u1ed1t nghi\u1ec7p t\u1ea1i tr\u01b0\u1eddng Pattison \u0111\u01b0\u1ee3c nh\u1eadn v\u00e0o nh\u1eefng tr\u01b0\u1eddng h\u00e0ng \u0111\u1ea7u ph\u00eda T\u00e2y Canada, nh\u01b0:\n<ul>\n<li>University of British Columbia<\/li>\n<li>Simon Fraser University<\/li>\n<li>University of Alberta<\/li>\n<li>University of Toronto<\/li>\n<li>University of Calgary<\/li>\n<li>University of Victoria<\/li>\n<\/ul>\n<\/li>\n<\/ol>\n<p>N\u1ebfu qu\u00fd ph\u1ee5 huynh quan t\u00e2m t\u1edbi l\u1ef1a ch\u1ecdn n\u1ed9i tr\u00fa (boarding) cho con em m\u00ecnh, Bodwell High School \u1edf th\u00e0nh ph\u1ed1 North Vancouver (British Columbia) l\u00e0 m\u1ed9t l\u1ef1a ch\u1ecdn h\u1ee3p l\u00fd v\u1edbi h\u1ecdc ph\u00ed \u0111\u00e3 bao g\u1ed3m n\u1ed9i tr\u00fa ch\u1ec9 \u1edf m\u1ee9c C$38,450\/2 h\u1ecdc k\u1ef3 (m\u1ed7i n\u0103m h\u1ecdc sinh v\u00f3 th\u1ec3 h\u1ecdc t\u1ed1i \u0111a 3 h\u1ecdc k\u1ef3).<\/p>\n<p>H\u00e3y li\u00ean h\u1ec7 v\u1edbi ch\u00fang t\u00f4i \u0111\u1ec3 s\u1eafp x\u1ebfp vi\u1ec7c du h\u1ecdc b\u1eadc ph\u1ed5 th\u00f4ng t\u1ea1i h\u1ec7 th\u1ed1ng tr\u01b0\u1eddng c\u00f4ng ho\u1eb7c t\u01b0, ti\u1ec1n \u0111\u1ec1 t\u1ed1t cho t\u01b0\u01a1ng lai c\u1ee7a con ch\u00e1u b\u1ea1n! t\u1ea1i Canada!<\/p>\n<p><strong>Eric Lam Immigration Consulting Inc.<\/strong><br \/>\n<a href=\"tel:(+1) (778) 725-1071\">(+1) (778) 725-1071<\/a><br \/>\n<a href=\"mailto:go@ericlaminc.ca\">go@ericlaminc.ca<\/a><\/p>\n<p><img decoding=\"async\" loading=\"lazy\" class=\"nodownload aligncenter wp-image-380 size-full\" src=\"https:\/\/www.ericlaminc.ca\/wp-content\/uploads\/2017\/04\/ericlaminc_certificate.png\" alt=\"\" width=\"960\" height=\"742\" srcset=\"https:\/\/ericlaminc.ca\/en\/wp-content\/uploads\/2017\/04\/ericlaminc_certificate.png 960w, https:\/\/ericlaminc.ca\/en\/wp-content\/uploads\/2017\/04\/ericlaminc_certificate-300x232.png 300w, https:\/\/ericlaminc.ca\/en\/wp-content\/uploads\/2017\/04\/ericlaminc_certificate-768x594.png 768w\" sizes=\"(max-width: 960px) 100vw, 960px\" \/><\/p>\n<p style=\"text-align: center;\"><img decoding=\"async\" loading=\"lazy\" class=\"size-full wp-image-528\" src=\"https:\/\/www.ericlaminc.ca\/wp-content\/uploads\/2017\/04\/Screen-Shot-2017-12-26-at-2.43.53-PM-1.png\" alt=\"\" width=\"789\" height=\"1040\" srcset=\"https:\/\/ericlaminc.ca\/en\/wp-content\/uploads\/2017\/04\/Screen-Shot-2017-12-26-at-2.43.53-PM-1.png 789w, https:\/\/ericlaminc.ca\/en\/wp-content\/uploads\/2017\/04\/Screen-Shot-2017-12-26-at-2.43.53-PM-1-228x300.png 228w, https:\/\/ericlaminc.ca\/en\/wp-content\/uploads\/2017\/04\/Screen-Shot-2017-12-26-at-2.43.53-PM-1-768x1012.png 768w, https:\/\/ericlaminc.ca\/en\/wp-content\/uploads\/2017\/04\/Screen-Shot-2017-12-26-at-2.43.53-PM-1-777x1024.png 777w\" sizes=\"(max-width: 789px) 100vw, 789px\" \/><\/p>\n<p>[:]<\/p>\n","protected":false},"excerpt":{"rendered":"<p>[:vi]V\u1edbi nh\u1eefng ph\u1ee5 huynh c\u00f3 \u0111i\u1ec1u ki\u1ec7n t\u00e0i ch\u00ednh thu\u1eadn l\u1ee3i, vi\u1ec7c cho con \u0111i du h\u1ecdc t\u1eeb b\u1eadc ph\u1ed5 th\u00f4ng s\u1ebd \u0111em \u0111\u1ebfn nhi\u1ec1u \u01b0u th\u1ebf \u00a0cho t\u01b0\u01a1ng lai c\u1ee7a h\u1ecdc sinh. Vi\u1ec7c ti\u1ebfp x\u00fac s\u1edbm v\u1edbi n\u1ec1n gi\u00e1o d\u1ee5c ti\u00ean ti\u1ebfn c\u1ee7a Canada s\u1ebd gi\u00fap c\u00e1c em c\u00f3: ki\u1ebfn th\u1ee9c t\u1ed5ng qu\u00e1t v\u00e0&#8230;<\/p>\n","protected":false},"author":1,"featured_media":204,"parent":0,"menu_order":0,"comment_status":"closed","ping_status":"closed","template":"","meta":[],"acf":[],"yoast_head":"<!-- This site is optimized with the Yoast SEO plugin v21.1 - https:\/\/yoast.com\/wordpress\/plugins\/seo\/ -->\n<title>[:vi]DU H\u1eccC T\u1eea B\u1eacC PH\u1ed4 TH\u00d4NG: NH\u1eeeNG L\u1ee2I \u00cdCH[:] - Eric Lam Immigration Consulting Inc.<\/title>\n<meta name=\"robots\" content=\"index, follow, max-snippet:-1, max-image-preview:large, max-video-preview:-1\" \/>\n<link rel=\"canonical\" href=\"https:\/\/ericlaminc.ca\/en\/du-hoc-tu-bac-pho-thong-nhung-loi-ich\/\" \/>\n<meta property=\"og:locale\" content=\"en_US\" \/>\n<meta property=\"og:type\" content=\"article\" \/>\n<meta property=\"og:title\" content=\"[:vi]DU H\u1eccC T\u1eea B\u1eacC PH\u1ed4 TH\u00d4NG: NH\u1eeeNG L\u1ee2I \u00cdCH[:] - Eric Lam Immigration Consulting Inc.\" \/>\n<meta property=\"og:description\" content=\"[:vi]V\u1edbi nh\u1eefng ph\u1ee5 huynh c\u00f3 \u0111i\u1ec1u ki\u1ec7n t\u00e0i ch\u00ednh thu\u1eadn l\u1ee3i, vi\u1ec7c cho con \u0111i du h\u1ecdc t\u1eeb b\u1eadc ph\u1ed5 th\u00f4ng s\u1ebd \u0111em \u0111\u1ebfn nhi\u1ec1u \u01b0u th\u1ebf \u00a0cho t\u01b0\u01a1ng lai c\u1ee7a h\u1ecdc sinh. Vi\u1ec7c ti\u1ebfp x\u00fac s\u1edbm v\u1edbi n\u1ec1n gi\u00e1o d\u1ee5c ti\u00ean ti\u1ebfn c\u1ee7a Canada s\u1ebd gi\u00fap c\u00e1c em c\u00f3: ki\u1ebfn th\u1ee9c t\u1ed5ng qu\u00e1t v\u00e0...\" \/>\n<meta property=\"og:url\" content=\"https:\/\/ericlaminc.ca\/en\/du-hoc-tu-bac-pho-thong-nhung-loi-ich\/\" \/>\n<meta property=\"og:site_name\" content=\"Eric Lam Immigration Consulting Inc.\" \/>\n<meta property=\"article:modified_time\" content=\"2018-01-06T06:14:31+00:00\" \/>\n<meta property=\"og:image\" content=\"https:\/\/ericlaminc.ca\/en\/wp-content\/uploads\/2017\/01\/fb-image2.jpg\" \/>\n\t<meta property=\"og:image:width\" content=\"1200\" \/>\n\t<meta property=\"og:image:height\" content=\"630\" \/>\n\t<meta property=\"og:image:type\" content=\"image\/jpeg\" \/>\n<meta name=\"twitter:card\" content=\"summary_large_image\" \/>\n<meta name=\"twitter:label1\" content=\"Est. reading time\" \/>\n\t<meta name=\"twitter:data1\" content=\"5 minutes\" \/>\n<script type=\"application\/ld+json\" class=\"yoast-schema-graph\">{\"@context\":\"https:\/\/schema.org\",\"@graph\":[{\"@type\":\"WebPage\",\"@id\":\"https:\/\/ericlaminc.ca\/en\/du-hoc-tu-bac-pho-thong-nhung-loi-ich\/\",\"url\":\"https:\/\/ericlaminc.ca\/en\/du-hoc-tu-bac-pho-thong-nhung-loi-ich\/\",\"name\":\"[:vi]DU H\u1eccC T\u1eea B\u1eacC PH\u1ed4 TH\u00d4NG: NH\u1eeeNG L\u1ee2I \u00cdCH[:] - Eric Lam Immigration Consulting Inc.\",\"isPartOf\":{\"@id\":\"https:\/\/ericlaminc.ca\/en\/#website\"},\"datePublished\":\"2017-04-22T03:57:00+00:00\",\"dateModified\":\"2018-01-06T06:14:31+00:00\",\"breadcrumb\":{\"@id\":\"https:\/\/ericlaminc.ca\/en\/du-hoc-tu-bac-pho-thong-nhung-loi-ich\/#breadcrumb\"},\"inLanguage\":\"en-US\",\"potentialAction\":[{\"@type\":\"ReadAction\",\"target\":[\"https:\/\/ericlaminc.ca\/en\/du-hoc-tu-bac-pho-thong-nhung-loi-ich\/\"]}]},{\"@type\":\"BreadcrumbList\",\"@id\":\"https:\/\/ericlaminc.ca\/en\/du-hoc-tu-bac-pho-thong-nhung-loi-ich\/#breadcrumb\",\"itemListElement\":[{\"@type\":\"ListItem\",\"position\":1,\"name\":\"HOME\",\"item\":\"https:\/\/ericlaminc.ca\/en\/\"},{\"@type\":\"ListItem\",\"position\":2,\"name\":\"[:vi]DU H\u1eccC T\u1eea B\u1eacC PH\u1ed4 TH\u00d4NG: NH\u1eeeNG L\u1ee2I \u00cdCH[:]\"}]},{\"@type\":\"WebSite\",\"@id\":\"https:\/\/ericlaminc.ca\/en\/#website\",\"url\":\"https:\/\/ericlaminc.ca\/en\/\",\"name\":\"Eric Lam Immigration Consulting Inc.\",\"description\":\"Canadian Immigration Consulting\",\"potentialAction\":[{\"@type\":\"SearchAction\",\"target\":{\"@type\":\"EntryPoint\",\"urlTemplate\":\"https:\/\/ericlaminc.ca\/en\/?s={search_term_string}\"},\"query-input\":\"required name=search_term_string\"}],\"inLanguage\":\"en-US\"}]}<\/script>\n<!-- \/ Yoast SEO plugin. -->","yoast_head_json":{"title":"[:vi]DU H\u1eccC T\u1eea B\u1eacC PH\u1ed4 TH\u00d4NG: NH\u1eeeNG L\u1ee2I \u00cdCH[:] - Eric Lam Immigration Consulting Inc.","robots":{"index":"index","follow":"follow","max-snippet":"max-snippet:-1","max-image-preview":"max-image-preview:large","max-video-preview":"max-video-preview:-1"},"canonical":"https:\/\/ericlaminc.ca\/en\/du-hoc-tu-bac-pho-thong-nhung-loi-ich\/","og_locale":"en_US","og_type":"article","og_title":"[:vi]DU H\u1eccC T\u1eea B\u1eacC PH\u1ed4 TH\u00d4NG: NH\u1eeeNG L\u1ee2I \u00cdCH[:] - Eric Lam Immigration Consulting Inc.","og_description":"[:vi]V\u1edbi nh\u1eefng ph\u1ee5 huynh c\u00f3 \u0111i\u1ec1u ki\u1ec7n t\u00e0i ch\u00ednh thu\u1eadn l\u1ee3i, vi\u1ec7c cho con \u0111i du h\u1ecdc t\u1eeb b\u1eadc ph\u1ed5 th\u00f4ng s\u1ebd \u0111em \u0111\u1ebfn nhi\u1ec1u \u01b0u th\u1ebf \u00a0cho t\u01b0\u01a1ng lai c\u1ee7a h\u1ecdc sinh. Vi\u1ec7c ti\u1ebfp x\u00fac s\u1edbm v\u1edbi n\u1ec1n gi\u00e1o d\u1ee5c ti\u00ean ti\u1ebfn c\u1ee7a Canada s\u1ebd gi\u00fap c\u00e1c em c\u00f3: ki\u1ebfn th\u1ee9c t\u1ed5ng qu\u00e1t v\u00e0...","og_url":"https:\/\/ericlaminc.ca\/en\/du-hoc-tu-bac-pho-thong-nhung-loi-ich\/","og_site_name":"Eric Lam Immigration Consulting Inc.","article_modified_time":"2018-01-06T06:14:31+00:00","og_image":[{"width":1200,"height":630,"url":"https:\/\/ericlaminc.ca\/en\/wp-content\/uploads\/2017\/01\/fb-image2.jpg","type":"image\/jpeg"}],"twitter_card":"summary_large_image","twitter_misc":{"Est. reading time":"5 minutes"},"schema":{"@context":"https:\/\/schema.org","@graph":[{"@type":"WebPage","@id":"https:\/\/ericlaminc.ca\/en\/du-hoc-tu-bac-pho-thong-nhung-loi-ich\/","url":"https:\/\/ericlaminc.ca\/en\/du-hoc-tu-bac-pho-thong-nhung-loi-ich\/","name":"[:vi]DU H\u1eccC T\u1eea B\u1eacC PH\u1ed4 TH\u00d4NG: NH\u1eeeNG L\u1ee2I \u00cdCH[:] - Eric Lam Immigration Consulting Inc.","isPartOf":{"@id":"https:\/\/ericlaminc.ca\/en\/#website"},"datePublished":"2017-04-22T03:57:00+00:00","dateModified":"2018-01-06T06:14:31+00:00","breadcrumb":{"@id":"https:\/\/ericlaminc.ca\/en\/du-hoc-tu-bac-pho-thong-nhung-loi-ich\/#breadcrumb"},"inLanguage":"en-US","potentialAction":[{"@type":"ReadAction","target":["https:\/\/ericlaminc.ca\/en\/du-hoc-tu-bac-pho-thong-nhung-loi-ich\/"]}]},{"@type":"BreadcrumbList","@id":"https:\/\/ericlaminc.ca\/en\/du-hoc-tu-bac-pho-thong-nhung-loi-ich\/#breadcrumb","itemListElement":[{"@type":"ListItem","position":1,"name":"HOME","item":"https:\/\/ericlaminc.ca\/en\/"},{"@type":"ListItem","position":2,"name":"[:vi]DU H\u1eccC T\u1eea B\u1eacC PH\u1ed4 TH\u00d4NG: NH\u1eeeNG L\u1ee2I \u00cdCH[:]"}]},{"@type":"WebSite","@id":"https:\/\/ericlaminc.ca\/en\/#website","url":"https:\/\/ericlaminc.ca\/en\/","name":"Eric Lam Immigration Consulting Inc.","description":"Canadian Immigration Consulting","potentialAction":[{"@type":"SearchAction","target":{"@type":"EntryPoint","urlTemplate":"https:\/\/ericlaminc.ca\/en\/?s={search_term_string}"},"query-input":"required name=search_term_string"}],"inLanguage":"en-US"}]}},"_links":{"self":[{"href":"https:\/\/ericlaminc.ca\/en\/wp-json\/wp\/v2\/pages\/377"}],"collection":[{"href":"https:\/\/ericlaminc.ca\/en\/wp-json\/wp\/v2\/pages"}],"about":[{"href":"https:\/\/ericlaminc.ca\/en\/wp-json\/wp\/v2\/types\/page"}],"author":[{"embeddable":true,"href":"https:\/\/ericlaminc.ca\/en\/wp-json\/wp\/v2\/users\/1"}],"replies":[{"embeddable":true,"href":"https:\/\/ericlaminc.ca\/en\/wp-json\/wp\/v2\/comments?post=377"}],"version-history":[{"count":9,"href":"https:\/\/ericlaminc.ca\/en\/wp-json\/wp\/v2\/pages\/377\/revisions"}],"predecessor-version":[{"id":551,"href":"https:\/\/ericlaminc.ca\/en\/wp-json\/wp\/v2\/pages\/377\/revisions\/551"}],"wp:featuredmedia":[{"embeddable":true,"href":"https:\/\/ericlaminc.ca\/en\/wp-json\/wp\/v2\/media\/204"}],"wp:attachment":[{"href":"https:\/\/ericlaminc.ca\/en\/wp-json\/wp\/v2\/media?parent=377"}],"curies":[{"name":"wp","href":"https:\/\/api.w.org\/{rel}","templated":true}]}}